{"id":3296,"date":"2025-03-19T17:54:29","date_gmt":"2025-03-19T17:54:29","guid":{"rendered":"https:\/\/martvandijk.nl\/arbeiten-bei\/"},"modified":"2025-11-18T16:25:17","modified_gmt":"2025-11-18T16:25:17","slug":"arbeiten-bei","status":"publish","type":"page","link":"https:\/\/martvandijk.nl\/de\/arbeiten-bei\/","title":{"rendered":"Arbeiten bei"},"content":{"rendered":"<div class=\"wpb-content-wrapper\"><p>[vc_row][vc_column offset=&#8220;vc_col-lg-offset-1 vc_col-lg-10 vc_col-md-offset-1 vc_col-md-10&#8243; css=&#8220;.vc_custom_1549643930221{padding-bottom: 70px !important;}&#8220;]<div id=\"ultimate-heading-550569e1a92e9547c\" class=\"uvc-heading ult-adjust-bottom-margin ultimate-heading-550569e1a92e9547c uvc-5865 accent-title-color color-title\" data-hspacer=\"no_spacer\"  data-halign=\"center\" style=\"text-align:center\"><div class=\"uvc-heading-spacer no_spacer\" style=\"top\"><\/div><div class=\"uvc-sub-heading ult-responsive\"  data-ultimate-target='.uvc-heading.ultimate-heading-550569e1a92e9547c .uvc-sub-heading '  data-responsive-json-new='{\"font-size\":\"desktop:34px;\",\"line-height\":\"desktop:44px;\"}'  style=\"font-weight:bold;\"><\/p>\n<p style=\"text-align: center;\">Arbeiten bei Mart van Dijk Boomkwekerijen<\/p>\n<p><\/div><\/div>[vc_single_image image=&#8220;3297&#8243; img_size=&#8220;full&#8220; alignment=&#8220;center&#8220; css=&#8220;&#8220;][vc_column_text css=&#8220;.vc_custom_1763378804881{margin-bottom: 5px !important;}&#8220;]<\/p>\n<h4 style=\"text-align: center;\"><strong>Bei uns ist immer etwas los!<\/strong><\/h4>\n<p style=\"text-align: center;\">Hast du Interesse an einer Arbeit im Gr\u00fcnen, zum Beispiel kombiniert mit Logistik, Technik oder Verkauf? Dann k\u00f6nntest du gut zu uns passen!  Bei Mart van Dijk Boomkwekerijen BV verbinden wir die Arbeit im Gr\u00fcnen mit verschiedenen Fachbereichen.<\/p>\n<p style=\"text-align: center;\">Im Moment haben wir keine offenen Stellen, aber wir freuen uns immer \u00fcber eine Initiativbewerbung. Nimm Kontakt mit uns auf oder komm gern auf eine Tasse Kaffee vorbei, um uns kennenzulernen! <\/p>\n<p>&nbsp;<\/p>\n<h4 style=\"text-align: center;\"><strong>Praktikum oder Nebenjob im Gr\u00fcnen<\/strong><\/h4>\n<p style=\"text-align: center;\">Bist du Student und suchst einen lehrreichen Nebenjob oder einen Praktikumsplatz im Agrarsektor? Dann bist du bei uns genau richtig. Wir sind ein anerkanntes Ausbildungsunternehmen und bieten viele M\u00f6glichkeiten, praktische Erfahrungen in einer gr\u00fcnen, wachsenden Umgebung zu sammeln.  <\/p>\n<p>[\/vc_column_text][\/vc_column][\/vc_row][vc_row][vc_column width=&#8220;1\/3&#8243;][\/vc_column][vc_column width=&#8220;1\/3&#8243;][vc_column_text css=&#8220;&#8220;]<\/p>\n<p style=\"text-align: center;\"><strong>Begeistert? Nimm Kontakt mit uns auf und wachse mit uns! <\/strong><\/p>\n<p style=\"text-align: center;\">+31 (0)478-691281<\/p>\n<p style=\"text-align: center;\"><a href=\"https:\/\/martvandijk.nl\/produkt\/ilex-meserv-blue-prince-drkl-bol\/\">hans@martvandijk.nl<\/a><\/p>\n<p>[\/vc_column_text][\/vc_column][vc_column width=&#8220;1\/3&#8243;][\/vc_column][\/vc_row]<\/p>\n<\/div>","protected":false},"excerpt":{"rendered":"<p>[vc_row][vc_column offset=&#8220;vc_col-lg-offset-1 vc_col-lg-10 vc_col-md-offset-1 vc_col-md-10&#8243; css=&#8220;.vc_custom_1549643930221{padding-bottom: 70px !important;}&#8220;][vc_single_image image=&#8220;3297&#8243; img_size=&#8220;full&#8220; alignment=&#8220;center&#8220; css=&#8220;&#8220;][vc_column_text css=&#8220;.vc_custom_1763378804881{margin-bottom: 5px !important;}&#8220;] Bei uns ist immer etwas los! Hast du Interesse an einer Arbeit im Gr\u00fcnen, zum Beispiel kombiniert mit Logistik, Technik oder Verkauf? Dann k\u00f6nntest du gut zu uns passen! Bei Mart van Dijk Boomkwekerijen BV verbinden wir die Arbeit im&hellip;<\/p>\n","protected":false},"author":1,"featured_media":0,"parent":0,"menu_order":0,"comment_status":"closed","ping_status":"closed","template":"","meta":{"footnotes":""},"product_category":[],"class_list":["post-3296","page","type-page","status-publish","hentry","description-off"],"yoast_head":"<!-- This site is optimized with the Yoast SEO plugin v27.2 - https:\/\/yoast.com\/product\/yoast-seo-wordpress\/ -->\n<title>Arbeiten bei - Mart van Dijk Boomkwekerijen<\/title>\n<meta name=\"robots\" content=\"index, follow, max-snippet:-1, max-image-preview:large, max-video-preview:-1\" \/>\n<link rel=\"canonical\" href=\"https:\/\/martvandijk.nl\/de\/arbeiten-bei\/\" \/>\n<meta property=\"og:locale\" content=\"de_DE\" \/>\n<meta property=\"og:type\" content=\"article\" \/>\n<meta property=\"og:title\" content=\"Arbeiten bei - Mart van Dijk Boomkwekerijen\" \/>\n<meta property=\"og:description\" content=\"[vc_row][vc_column offset=&#8220;vc_col-lg-offset-1 vc_col-lg-10 vc_col-md-offset-1 vc_col-md-10&#8243; css=&#8220;.vc_custom_1549643930221{padding-bottom: 70px !important;}&#8220;][vc_single_image image=&#8220;3297&#8243; img_size=&#8220;full&#8220; alignment=&#8220;center&#8220; css=&#8220;&#8220;][vc_column_text css=&#8220;.vc_custom_1763378804881{margin-bottom: 5px !important;}&#8220;] Bei uns ist immer etwas los! Hast du Interesse an einer Arbeit im Gr\u00fcnen, zum Beispiel kombiniert mit Logistik, Technik oder Verkauf? Dann k\u00f6nntest du gut zu uns passen! Bei Mart van Dijk Boomkwekerijen BV verbinden wir die Arbeit im&hellip;\" \/>\n<meta property=\"og:url\" content=\"https:\/\/martvandijk.nl\/de\/arbeiten-bei\/\" \/>\n<meta property=\"og:site_name\" content=\"Mart van Dijk Boomkwekerijen\" \/>\n<meta property=\"article:publisher\" content=\"https:\/\/www.facebook.com\/MartvanDijkBoomkwekerijenBV\/?fref=ts#\" \/>\n<meta property=\"article:modified_time\" content=\"2025-11-18T16:25:17+00:00\" \/>\n<meta name=\"twitter:card\" content=\"summary_large_image\" \/>\n<meta name=\"twitter:label1\" content=\"Gesch\u00e4tzte Lesezeit\" \/>\n\t<meta name=\"twitter:data1\" content=\"1\u00a0Minute\" \/>\n<script type=\"application\/ld+json\" class=\"yoast-schema-graph\">{\"@context\":\"https:\/\/schema.org\",\"@graph\":[{\"@type\":\"WebPage\",\"@id\":\"https:\/\/martvandijk.nl\/de\/arbeiten-bei\/\",\"url\":\"https:\/\/martvandijk.nl\/de\/arbeiten-bei\/\",\"name\":\"Arbeiten bei - Mart van Dijk Boomkwekerijen\",\"isPartOf\":{\"@id\":\"https:\/\/martvandijk.nl\/de\/#website\"},\"datePublished\":\"2025-03-19T17:54:29+00:00\",\"dateModified\":\"2025-11-18T16:25:17+00:00\",\"breadcrumb\":{\"@id\":\"https:\/\/martvandijk.nl\/de\/arbeiten-bei\/#breadcrumb\"},\"inLanguage\":\"de\",\"potentialAction\":[{\"@type\":\"ReadAction\",\"target\":[\"https:\/\/martvandijk.nl\/de\/arbeiten-bei\/\"]}]},{\"@type\":\"BreadcrumbList\",\"@id\":\"https:\/\/martvandijk.nl\/de\/arbeiten-bei\/#breadcrumb\",\"itemListElement\":[{\"@type\":\"ListItem\",\"position\":1,\"name\":\"Home\",\"item\":\"https:\/\/martvandijk.nl\/de\/\"},{\"@type\":\"ListItem\",\"position\":2,\"name\":\"Arbeiten bei\"}]},{\"@type\":\"WebSite\",\"@id\":\"https:\/\/martvandijk.nl\/de\/#website\",\"url\":\"https:\/\/martvandijk.nl\/de\/\",\"name\":\"Mart van Dijk Boomkwekerijen\",\"description\":\"een natuurlijke kijk op kweken\",\"publisher\":{\"@id\":\"https:\/\/martvandijk.nl\/de\/#organization\"},\"potentialAction\":[{\"@type\":\"SearchAction\",\"target\":{\"@type\":\"EntryPoint\",\"urlTemplate\":\"https:\/\/martvandijk.nl\/de\/?s={search_term_string}\"},\"query-input\":{\"@type\":\"PropertyValueSpecification\",\"valueRequired\":true,\"valueName\":\"search_term_string\"}}],\"inLanguage\":\"de\"},{\"@type\":\"Organization\",\"@id\":\"https:\/\/martvandijk.nl\/de\/#organization\",\"name\":\"Mart van Dijk Boomkwekerijen\",\"url\":\"https:\/\/martvandijk.nl\/de\/\",\"logo\":{\"@type\":\"ImageObject\",\"inLanguage\":\"de\",\"@id\":\"https:\/\/martvandijk.nl\/de\/#\/schema\/logo\/image\/\",\"url\":\"https:\/\/martvandijk.nl\/wp-content\/uploads\/2025\/02\/Mart-van-Dijk-HD-300x20px.png\",\"contentUrl\":\"https:\/\/martvandijk.nl\/wp-content\/uploads\/2025\/02\/Mart-van-Dijk-HD-300x20px.png\",\"width\":300,\"height\":120,\"caption\":\"Mart van Dijk Boomkwekerijen\"},\"image\":{\"@id\":\"https:\/\/martvandijk.nl\/de\/#\/schema\/logo\/image\/\"},\"sameAs\":[\"https:\/\/www.facebook.com\/MartvanDijkBoomkwekerijenBV\/?fref=ts#\",\"https:\/\/www.instagram.com\/martvandijkbv\/\",\"https:\/\/www.linkedin.com\/company\/mart-van-dijk-boomkwekerijen-b.v.\/posts\/?feedView=all\"]}]}<\/script>\n<!-- \/ Yoast SEO plugin. -->","yoast_head_json":{"title":"Arbeiten bei - Mart van Dijk Boomkwekerijen","robots":{"index":"index","follow":"follow","max-snippet":"max-snippet:-1","max-image-preview":"max-image-preview:large","max-video-preview":"max-video-preview:-1"},"canonical":"https:\/\/martvandijk.nl\/de\/arbeiten-bei\/","og_locale":"de_DE","og_type":"article","og_title":"Arbeiten bei - Mart van Dijk Boomkwekerijen","og_description":"[vc_row][vc_column offset=&#8220;vc_col-lg-offset-1 vc_col-lg-10 vc_col-md-offset-1 vc_col-md-10&#8243; css=&#8220;.vc_custom_1549643930221{padding-bottom: 70px !important;}&#8220;][vc_single_image image=&#8220;3297&#8243; img_size=&#8220;full&#8220; alignment=&#8220;center&#8220; css=&#8220;&#8220;][vc_column_text css=&#8220;.vc_custom_1763378804881{margin-bottom: 5px !important;}&#8220;] Bei uns ist immer etwas los! Hast du Interesse an einer Arbeit im Gr\u00fcnen, zum Beispiel kombiniert mit Logistik, Technik oder Verkauf? Dann k\u00f6nntest du gut zu uns passen! Bei Mart van Dijk Boomkwekerijen BV verbinden wir die Arbeit im&hellip;","og_url":"https:\/\/martvandijk.nl\/de\/arbeiten-bei\/","og_site_name":"Mart van Dijk Boomkwekerijen","article_publisher":"https:\/\/www.facebook.com\/MartvanDijkBoomkwekerijenBV\/?fref=ts#","article_modified_time":"2025-11-18T16:25:17+00:00","twitter_card":"summary_large_image","twitter_misc":{"Gesch\u00e4tzte Lesezeit":"1\u00a0Minute"},"schema":{"@context":"https:\/\/schema.org","@graph":[{"@type":"WebPage","@id":"https:\/\/martvandijk.nl\/de\/arbeiten-bei\/","url":"https:\/\/martvandijk.nl\/de\/arbeiten-bei\/","name":"Arbeiten bei - Mart van Dijk Boomkwekerijen","isPartOf":{"@id":"https:\/\/martvandijk.nl\/de\/#website"},"datePublished":"2025-03-19T17:54:29+00:00","dateModified":"2025-11-18T16:25:17+00:00","breadcrumb":{"@id":"https:\/\/martvandijk.nl\/de\/arbeiten-bei\/#breadcrumb"},"inLanguage":"de","potentialAction":[{"@type":"ReadAction","target":["https:\/\/martvandijk.nl\/de\/arbeiten-bei\/"]}]},{"@type":"BreadcrumbList","@id":"https:\/\/martvandijk.nl\/de\/arbeiten-bei\/#breadcrumb","itemListElement":[{"@type":"ListItem","position":1,"name":"Home","item":"https:\/\/martvandijk.nl\/de\/"},{"@type":"ListItem","position":2,"name":"Arbeiten bei"}]},{"@type":"WebSite","@id":"https:\/\/martvandijk.nl\/de\/#website","url":"https:\/\/martvandijk.nl\/de\/","name":"Mart van Dijk Boomkwekerijen","description":"een natuurlijke kijk op kweken","publisher":{"@id":"https:\/\/martvandijk.nl\/de\/#organization"},"potentialAction":[{"@type":"SearchAction","target":{"@type":"EntryPoint","urlTemplate":"https:\/\/martvandijk.nl\/de\/?s={search_term_string}"},"query-input":{"@type":"PropertyValueSpecification","valueRequired":true,"valueName":"search_term_string"}}],"inLanguage":"de"},{"@type":"Organization","@id":"https:\/\/martvandijk.nl\/de\/#organization","name":"Mart van Dijk Boomkwekerijen","url":"https:\/\/martvandijk.nl\/de\/","logo":{"@type":"ImageObject","inLanguage":"de","@id":"https:\/\/martvandijk.nl\/de\/#\/schema\/logo\/image\/","url":"https:\/\/martvandijk.nl\/wp-content\/uploads\/2025\/02\/Mart-van-Dijk-HD-300x20px.png","contentUrl":"https:\/\/martvandijk.nl\/wp-content\/uploads\/2025\/02\/Mart-van-Dijk-HD-300x20px.png","width":300,"height":120,"caption":"Mart van Dijk Boomkwekerijen"},"image":{"@id":"https:\/\/martvandijk.nl\/de\/#\/schema\/logo\/image\/"},"sameAs":["https:\/\/www.facebook.com\/MartvanDijkBoomkwekerijenBV\/?fref=ts#","https:\/\/www.instagram.com\/martvandijkbv\/","https:\/\/www.linkedin.com\/company\/mart-van-dijk-boomkwekerijen-b.v.\/posts\/?feedView=all"]}]}},"_links":{"self":[{"href":"https:\/\/martvandijk.nl\/de\/wp-json\/wp\/v2\/pages\/3296","targetHints":{"allow":["GET"]}}],"collection":[{"href":"https:\/\/martvandijk.nl\/de\/wp-json\/wp\/v2\/pages"}],"about":[{"href":"https:\/\/martvandijk.nl\/de\/wp-json\/wp\/v2\/types\/page"}],"author":[{"embeddable":true,"href":"https:\/\/martvandijk.nl\/de\/wp-json\/wp\/v2\/users\/1"}],"replies":[{"embeddable":true,"href":"https:\/\/martvandijk.nl\/de\/wp-json\/wp\/v2\/comments?post=3296"}],"version-history":[{"count":7,"href":"https:\/\/martvandijk.nl\/de\/wp-json\/wp\/v2\/pages\/3296\/revisions"}],"predecessor-version":[{"id":3357,"href":"https:\/\/martvandijk.nl\/de\/wp-json\/wp\/v2\/pages\/3296\/revisions\/3357"}],"wp:attachment":[{"href":"https:\/\/martvandijk.nl\/de\/wp-json\/wp\/v2\/media?parent=3296"}],"wp:term":[{"taxonomy":"product_category","embeddable":true,"href":"https:\/\/martvandijk.nl\/de\/wp-json\/wp\/v2\/product_category?post=3296"}],"curies":[{"name":"wp","href":"https:\/\/api.w.org\/{rel}","templated":true}]}}